{"id":1141,"date":"2024-10-05T15:39:09","date_gmt":"2024-10-05T15:39:09","guid":{"rendered":"https:\/\/www.alicjalesniak.pl\/?page_id=1141"},"modified":"2024-10-07T18:26:29","modified_gmt":"2024-10-07T18:26:29","slug":"raz-dwa-trzy-polki-rozbily-niemki-w-lidze-narodow","status":"publish","type":"page","link":"https:\/\/www.alicjalesniak.pl\/index.php\/raz-dwa-trzy-polki-rozbily-niemki-w-lidze-narodow\/","title":{"rendered":"Pe\u0142na dominacja! Sz\u00f3sta wygrana na koncie Polek!"},"content":{"rendered":"\t\t<div data-elementor-type=\"wp-page\" data-elementor-id=\"1141\" class=\"elementor elementor-1141\">\n\t\t\t\t\t\t<section class=\"elementor-section elementor-top-section elementor-element elementor-element-b1fbb17 elementor-section-boxed elementor-section-height-default elementor-section-height-default\" data-id=\"b1fbb17\" data-element_type=\"section\" data-e-type=\"section\">\n\t\t\t\t\t\t<div class=\"elementor-container elementor-column-gap-default\">\n\t\t\t\t\t<div class=\"elementor-column elementor-col-100 elementor-top-column elementor-element elementor-element-65e5f0d\" data-id=\"65e5f0d\" data-element_type=\"column\" data-e-type=\"column\" data-settings=\"{&quot;background_background&quot;:&quot;classic&quot;}\">\n\t\t\t<div class=\"elementor-widget-wrap elementor-element-populated\">\n\t\t\t\t\t\t<div class=\"elementor-element elementor-element-06d6ab6 elementor-widget elementor-widget-heading\" data-id=\"06d6ab6\" data-element_type=\"widget\" data-e-type=\"widget\" data-widget_type=\"heading.default\">\n\t\t\t\t<div class=\"elementor-widget-container\">\n\t\t\t\t\t<h2 class=\"elementor-heading-title elementor-size-default\"><span class=\"text-[2.5rem] leading-[50px] font-bold\" title=\"Pe\u0142na dominacja! Sz\u00f3sta wygrana na koncie Polek! [TABELA]\" style=\"white-space: normal;border: 0px solid;font-size: 2.5rem;font-weight: 700;margin: 0px;line-height: 50px;, Arial, Helvetica, sans-serif\">Pe\u0142na dominacja! Sz\u00f3sta wygrana na koncie Polek!&nbsp;<\/span><\/h2>\t\t\t\t<\/div>\n\t\t\t\t<\/div>\n\t\t\t\t\t<\/div>\n\t\t<\/div>\n\t\t\t\t\t<\/div>\n\t\t<\/section>\n\t\t\t\t<section class=\"elementor-section elementor-top-section elementor-element elementor-element-5c31aee elementor-section-boxed elementor-section-height-default elementor-section-height-default\" data-id=\"5c31aee\" data-element_type=\"section\" data-e-type=\"section\">\n\t\t\t\t\t\t<div class=\"elementor-container elementor-column-gap-default\">\n\t\t\t\t\t<div class=\"elementor-column elementor-col-100 elementor-top-column elementor-element elementor-element-204f14c\" data-id=\"204f14c\" data-element_type=\"column\" data-e-type=\"column\">\n\t\t\t<div class=\"elementor-widget-wrap elementor-element-populated\">\n\t\t\t\t\t\t<div class=\"elementor-element elementor-element-80e1d0e elementor-widget elementor-widget-text-editor\" data-id=\"80e1d0e\" data-element_type=\"widget\" data-e-type=\"widget\" data-widget_type=\"text-editor.default\">\n\t\t\t\t<div class=\"elementor-widget-container\">\n\t\t\t\t\t\t\t\t\t<p>Polki z kompletem zwyci\u0119stwo prowadz\u0105 w Lidze Narod\u00f3w! W sz\u00f3stym meczu rozbi\u0142y Kore\u0119 Po\u0142udniow\u0105 25:20, 25:20, 25:10. Przed Bia\u0142o-Czerwonymi mecz z Niemkami i reprezentacj\u0105 Stan\u00f3w Zjednoczonych.<\/p>\t\t\t\t\t\t\t\t<\/div>\n\t\t\t\t<\/div>\n\t\t\t\t\t<\/div>\n\t\t<\/div>\n\t\t\t\t\t<\/div>\n\t\t<\/section>\n\t\t\t\t<section class=\"elementor-section elementor-top-section elementor-element elementor-element-4a01ec8 elementor-section-boxed elementor-section-height-default elementor-section-height-default\" data-id=\"4a01ec8\" data-element_type=\"section\" data-e-type=\"section\">\n\t\t\t\t\t\t<div class=\"elementor-container elementor-column-gap-default\">\n\t\t\t\t\t<div class=\"elementor-column elementor-col-100 elementor-top-column elementor-element elementor-element-7efa38b\" data-id=\"7efa38b\" data-element_type=\"column\" data-e-type=\"column\">\n\t\t\t<div class=\"elementor-widget-wrap elementor-element-populated\">\n\t\t\t\t\t\t<div class=\"elementor-element elementor-element-a034214 elementor-widget elementor-widget-image\" data-id=\"a034214\" data-element_type=\"widget\" data-e-type=\"widget\" data-widget_type=\"image.default\">\n\t\t\t\t<div class=\"elementor-widget-container\">\n\t\t\t\t\t\t\t\t\t\t\t\t<figure class=\"wp-caption\">\n\t\t\t\t\t\t\t\t\t\t<img fetchpriority=\"high\" decoding=\"async\" width=\"944\" height=\"531\" src=\"https:\/\/www.alicjalesniak.pl\/wp-content\/uploads\/2024\/10\/polki-pokonaly-niemki.avif\" class=\"attachment-large size-large wp-image-1143\" alt=\"\" srcset=\"https:\/\/www.alicjalesniak.pl\/wp-content\/uploads\/2024\/10\/polki-pokonaly-niemki.avif 944w, https:\/\/www.alicjalesniak.pl\/wp-content\/uploads\/2024\/10\/polki-pokonaly-niemki-300x169.avif 300w, https:\/\/www.alicjalesniak.pl\/wp-content\/uploads\/2024\/10\/polki-pokonaly-niemki-768x432.avif 768w\" sizes=\"(max-width: 944px) 100vw, 944px\" \/>\t\t\t\t\t\t\t\t\t\t\t<figcaption class=\"widget-image-caption wp-caption-text\">Foto: Volleyball World<\/figcaption>\n\t\t\t\t\t\t\t\t\t\t<\/figure>\n\t\t\t\t\t\t\t\t\t<\/div>\n\t\t\t\t<\/div>\n\t\t\t\t\t<\/div>\n\t\t<\/div>\n\t\t\t\t\t<\/div>\n\t\t<\/section>\n\t\t\t\t<section class=\"elementor-section elementor-top-section elementor-element elementor-element-85a70a0 elementor-section-boxed elementor-section-height-default elementor-section-height-default\" data-id=\"85a70a0\" data-element_type=\"section\" data-e-type=\"section\">\n\t\t\t\t\t\t<div class=\"elementor-container elementor-column-gap-default\">\n\t\t\t\t\t<div class=\"elementor-column elementor-col-100 elementor-top-column elementor-element elementor-element-dcd1dcc\" data-id=\"dcd1dcc\" data-element_type=\"column\" data-e-type=\"column\">\n\t\t\t<div class=\"elementor-widget-wrap elementor-element-populated\">\n\t\t\t\t\t\t<div class=\"elementor-element elementor-element-3007cbc elementor-widget elementor-widget-text-editor\" data-id=\"3007cbc\" data-element_type=\"widget\" data-e-type=\"widget\" data-widget_type=\"text-editor.default\">\n\t\t\t\t<div class=\"elementor-widget-container\">\n\t\t\t\t\t\t\t\t\t<p>Siatkarki reprezentacji Polski do drugiego meczu w ameryka\u0144skim Arlington przyst\u0105pi\u0142y w nieco os\u0142abionym sk\u0142adzie. Z powodu nawracaj\u0105cych problem\u00f3w z mi\u0119\u015bniami brzucha Martyna Czyrnia\u0144ska musia\u0142a przedwcze\u015bnie opu\u015bci\u0107 turniej. W jej miejsce do Stan\u00f3w Zjednoczonych przylecia\u0142a 21-letnia przyjmuj\u0105ca Julita Piasecka, kt\u00f3ra nie zd\u0105\u017cy\u0142a jednak zosta\u0107 dopisana do meczowej czternastki na mecz z Kore\u0105 Po\u0142udniow\u0105<\/p><p>Mimo zmiany w sk\u0142adzie i roszad trenera Stefano Lavariniego w wyj\u015bciowej sz\u00f3stce Bia\u0142o-Czerwone od pierwszej pi\u0142ki kontrolowa\u0142y losy czwartkowego meczu. Spraw\u0119 u\u0142atwia\u0142y im rywalki, kt\u00f3re w inauguracyjnej ods\u0142onie pope\u0142ni\u0142y a\u017c osiem b\u0142\u0119d\u00f3w.<\/p><p>Po wymarzonym pocz\u0105tku spotkania w gr\u0119 Polek wkrad\u0142o si\u0119 jednak troch\u0119 nerwowo\u015bci i problem\u00f3w w komunikacji, przez co ich dok\u0142adno\u015b\u0107 przyj\u0119cia spad\u0142a do 37 proc. Mimo to Bia\u0142o-Czerwonym uda\u0142o si\u0119 utrzyma\u0107 do\u015b\u0107 wysok\u0105, 46-procentow\u0105 skuteczno\u015b\u0107 w ataku i dzi\u0119ki temu zako\u0144czy\u0107 drug\u0105 parti\u0119 na swoj\u0105 korzy\u015b\u0107. Liderk\u0105 w szeregach naszej dru\u017cyny by\u0142a Monika Fedusio, kt\u00f3ra po dw\u00f3ch setach mia\u0142a na swoim koncie ju\u017c 13. oczek. Wy\u015bmienicie graj\u0105ca 24-letnia przyjmuj\u0105ca wraz z wchodz\u0105c\u0105 z \u0142awki Joann\u0105 Pacak poprowadzi\u0142a nasz zesp\u00f3\u0142 do wygranej w trzeciej ods\u0142onie i w ca\u0142ym spotkaniu.<\/p><p class=\"Paragraph_desktopParagraph__Fd2e9\">Siatkarki Lavariniego po zwyci\u0119stwie nad Kore\u0105 nie zwalniaj\u0105 tempa. Kolejny mecz rozegraj\u0105 ju\u017c w pi\u0105tek o godzinie 20:00 czasu polskiego. Rywalkami Bia\u0142o-Czerwonych b\u0119d\u0105 reprezentantki Niemiec, kt\u00f3re w tegorocznej Lidze Narod\u00f3w zanotowa\u0142y dotychczas tylko jedno zwyci\u0119stwo.<\/p><p class=\"Paragraph_desktopParagraph__Fd2e9\">Polki dzi\u0119ki zwyci\u0119stwu utrzyma\u0142y pozycj\u0119 liderek i jako jedyne nie straci\u0142y punktu. Komplet zwyci\u0119stw maj\u0105 jeszcze Brazylijki, ale jeden mecz wygra\u0142y po tie-breaku, trac\u0105c tym samym jedno &#8222;oczko&#8221;. Na podium s\u0105 jeszcze W\u0142oszki, kt\u00f3re poleg\u0142y jedynie z Bia\u0142o-Czerwonymi. W strefie daj\u0105cej awans do play-off\u00f3w s\u0105 jeszcze Chinki, Japonki, Turczynki, Amerykanki i Kanadyjki. Na szarym ko\u0144cu s\u0105 Bu\u0142garki, kt\u00f3re maj\u0105 zaledwie dwa punkty.<\/p>\t\t\t\t\t\t\t\t<\/div>\n\t\t\t\t<\/div>\n\t\t\t\t\t<\/div>\n\t\t<\/div>\n\t\t\t\t\t<\/div>\n\t\t<\/section>\n\t\t\t\t<\/div>\n\t\t","protected":false},"excerpt":{"rendered":"<p>Pe\u0142na dominacja! Sz\u00f3sta wygrana na koncie Polek!&nbsp; Polki z kompletem zwyci\u0119stwo prowadz\u0105 w Lidze Narod\u00f3w! W sz\u00f3stym meczu rozbi\u0142y Kore\u0119 Po\u0142udniow\u0105 25:20, 25:20, 25:10. Przed Bia\u0142o-Czerwonymi mecz z Niemkami i reprezentacj\u0105 Stan\u00f3w Zjednoczonych. Foto: Volleyball World Siatkarki reprezentacji Polski do drugiego meczu w ameryka\u0144skim Arlington przyst\u0105pi\u0142y w nieco os\u0142abionym sk\u0142adzie. Z powodu nawracaj\u0105cych problem\u00f3w z [&hellip;]<\/p>\n","protected":false},"author":1,"featured_media":0,"parent":0,"menu_order":0,"comment_status":"closed","ping_status":"closed","template":"","meta":{"site-sidebar-layout":"no-sidebar","site-content-layout":"page-builder","ast-site-content-layout":"full-width-container","site-content-style":"default","site-sidebar-style":"default","ast-global-header-display":"","ast-banner-title-visibility":"","ast-main-header-display":"","ast-hfb-above-header-display":"","ast-hfb-below-header-display":"","ast-hfb-mobile-header-display":"","site-post-title":"disabled","ast-breadcrumbs-content":"","ast-featured-img":"disabled","footer-sml-layout":"","ast-disable-related-posts":"","theme-transparent-header-meta":"","adv-header-id-meta":"","stick-header-meta":"","header-above-stick-meta":"","header-main-stick-meta":"","header-below-stick-meta":"","astra-migrate-meta-layouts":"set","ast-page-background-enabled":"default","ast-page-background-meta":{"desktop":{"background-color":"","background-image":"","background-repeat":"repeat","background-position":"center center","background-size":"auto","background-attachment":"scroll","background-type":"","background-media":"","overlay-type":"","overlay-color":"","overlay-opacity":"","overlay-gradient":""},"tablet":{"background-color":"","background-image":"","background-repeat":"repeat","background-position":"center center","background-size":"auto","background-attachment":"scroll","background-type":"","background-media":"","overlay-type":"","overlay-color":"","overlay-opacity":"","overlay-gradient":""},"mobile":{"background-color":"","background-image":"","background-repeat":"repeat","background-position":"center center","background-size":"auto","background-attachment":"scroll","background-type":"","background-media":"","overlay-type":"","overlay-color":"","overlay-opacity":"","overlay-gradient":""}},"ast-content-background-meta":{"desktop":{"background-color":"var(--ast-global-color-5)","background-image":"","background-repeat":"repeat","background-position":"center center","background-size":"auto","background-attachment":"scroll","background-type":"","background-media":"","overlay-type":"","overlay-color":"","overlay-opacity":"","overlay-gradient":""},"tablet":{"background-color":"var(--ast-global-color-5)","background-image":"","background-repeat":"repeat","background-position":"center center","background-size":"auto","background-attachment":"scroll","background-type":"","background-media":"","overlay-type":"","overlay-color":"","overlay-opacity":"","overlay-gradient":""},"mobile":{"background-color":"var(--ast-global-color-5)","background-image":"","background-repeat":"repeat","background-position":"center center","background-size":"auto","background-attachment":"scroll","background-type":"","background-media":"","overlay-type":"","overlay-color":"","overlay-opacity":"","overlay-gradient":""}},"footnotes":""},"class_list":["post-1141","page","type-page","status-publish","hentry"],"_links":{"self":[{"href":"https:\/\/www.alicjalesniak.pl\/index.php\/wp-json\/wp\/v2\/pages\/1141","targetHints":{"allow":["GET"]}}],"collection":[{"href":"https:\/\/www.alicjalesniak.pl\/index.php\/wp-json\/wp\/v2\/pages"}],"about":[{"href":"https:\/\/www.alicjalesniak.pl\/index.php\/wp-json\/wp\/v2\/types\/page"}],"author":[{"embeddable":true,"href":"https:\/\/www.alicjalesniak.pl\/index.php\/wp-json\/wp\/v2\/users\/1"}],"replies":[{"embeddable":true,"href":"https:\/\/www.alicjalesniak.pl\/index.php\/wp-json\/wp\/v2\/comments?post=1141"}],"version-history":[{"count":15,"href":"https:\/\/www.alicjalesniak.pl\/index.php\/wp-json\/wp\/v2\/pages\/1141\/revisions"}],"predecessor-version":[{"id":1327,"href":"https:\/\/www.alicjalesniak.pl\/index.php\/wp-json\/wp\/v2\/pages\/1141\/revisions\/1327"}],"wp:attachment":[{"href":"https:\/\/www.alicjalesniak.pl\/index.php\/wp-json\/wp\/v2\/media?parent=1141"}],"curies":[{"name":"wp","href":"https:\/\/api.w.org\/{rel}","templated":true}]}}