{"id":1173,"date":"2024-10-05T16:10:37","date_gmt":"2024-10-05T16:10:37","guid":{"rendered":"https:\/\/www.alicjalesniak.pl\/?page_id=1173"},"modified":"2024-10-07T17:05:52","modified_gmt":"2024-10-07T17:05:52","slug":"uber-mich","status":"publish","type":"page","link":"https:\/\/www.alicjalesniak.pl\/index.php\/uber-mich\/","title":{"rendered":"Uber Mich"},"content":{"rendered":"\t\t<div data-elementor-type=\"wp-page\" data-elementor-id=\"1173\" class=\"elementor elementor-1173\">\n\t\t\t\t\t\t<section class=\"elementor-section elementor-top-section elementor-element elementor-element-1ef573e elementor-section-boxed elementor-section-height-default elementor-section-height-default\" data-id=\"1ef573e\" data-element_type=\"section\" data-e-type=\"section\">\n\t\t\t\t\t\t<div class=\"elementor-container elementor-column-gap-default\">\n\t\t\t\t\t<div class=\"elementor-column elementor-col-50 elementor-top-column elementor-element elementor-element-99e62b7\" data-id=\"99e62b7\" data-element_type=\"column\" data-e-type=\"column\">\n\t\t\t<div class=\"elementor-widget-wrap elementor-element-populated\">\n\t\t\t\t\t\t<div class=\"elementor-element elementor-element-7a03a5f elementor-widget elementor-widget-text-editor\" data-id=\"7a03a5f\" data-element_type=\"widget\" data-e-type=\"widget\" data-widget_type=\"text-editor.default\">\n\t\t\t\t<div class=\"elementor-widget-container\">\n\t\t\t\t\t\t\t\t\t<p>\u00a0<\/p><p>My great passion for volleyball developed into an interest in sports journalism. Knowing the sport inside out has given me the opportunity to develop my journalistic skills.<\/p><p>I have already interviewed, among others, Robert Korzeniowski, Andrzej Wrona, Bruno Rezende and also Marcin Lepa, who is my journalistic idol.<\/p><p>I am a volleyball player with ten years of experience. I started my adventure with this sport in SMS Warszawa team, then moved to UKS Atena Warszawa after five years. It was with the Atena team that I won the title Champion of Mazovian region and stood fourth at the 2021 Polish junior women&#8217;s championships. In the 2021\/22 I represented the colours of the Libero VIP Biesiadowo Aleksandr\u00f3w \u0141\u00f3dzki team in the first women&#8217;s league. After moving to Switzerland for studies I began to play in 2nd women&#8217;s league in VBC Vol\u00e9ro Z\u00fcrich.<\/p><p>In addition to volleyball and journalism, I am passionate about photography, music, and travel.<\/p>\t\t\t\t\t\t\t\t<\/div>\n\t\t\t\t<\/div>\n\t\t\t\t<div class=\"elementor-element elementor-element-94f19cc elementor-widget elementor-widget-button\" data-id=\"94f19cc\" data-element_type=\"widget\" data-e-type=\"widget\" data-widget_type=\"button.default\">\n\t\t\t\t<div class=\"elementor-widget-container\">\n\t\t\t\t\t\t\t\t\t<div class=\"elementor-button-wrapper\">\n\t\t\t\t\t<a class=\"elementor-button elementor-button-link elementor-size-sm\" href=\"https:\/\/www.alicjalesniak.pl\/wp-content\/uploads\/2024\/10\/CV.pdf\">\n\t\t\t\t\t\t<span class=\"elementor-button-content-wrapper\">\n\t\t\t\t\t\t<span class=\"elementor-button-icon\">\n\t\t\t\t<i aria-hidden=\"true\" class=\"far fa-arrow-alt-circle-down\"><\/i>\t\t\t<\/span>\n\t\t\t\t\t\t\t\t\t<span class=\"elementor-button-text\">Download CV<\/span>\n\t\t\t\t\t<\/span>\n\t\t\t\t\t<\/a>\n\t\t\t\t<\/div>\n\t\t\t\t\t\t\t\t<\/div>\n\t\t\t\t<\/div>\n\t\t\t\t\t<\/div>\n\t\t<\/div>\n\t\t\t\t<div class=\"elementor-column elementor-col-50 elementor-top-column elementor-element elementor-element-a0a317a\" data-id=\"a0a317a\" data-element_type=\"column\" data-e-type=\"column\">\n\t\t\t<div class=\"elementor-widget-wrap elementor-element-populated\">\n\t\t\t\t\t\t<div class=\"elementor-element elementor-element-b3c96c7 elementor-widget elementor-widget-image\" data-id=\"b3c96c7\" data-element_type=\"widget\" data-e-type=\"widget\" data-widget_type=\"image.default\">\n\t\t\t\t<div class=\"elementor-widget-container\">\n\t\t\t\t\t\t\t\t\t\t\t\t\t\t\t<img fetchpriority=\"high\" decoding=\"async\" width=\"683\" height=\"1024\" src=\"https:\/\/www.alicjalesniak.pl\/wp-content\/uploads\/2024\/10\/IMG_9372-683x1024.jpg\" class=\"attachment-large size-large wp-image-1175\" alt=\"\" srcset=\"https:\/\/www.alicjalesniak.pl\/wp-content\/uploads\/2024\/10\/IMG_9372-683x1024.jpg 683w, https:\/\/www.alicjalesniak.pl\/wp-content\/uploads\/2024\/10\/IMG_9372-200x300.jpg 200w, https:\/\/www.alicjalesniak.pl\/wp-content\/uploads\/2024\/10\/IMG_9372-768x1152.jpg 768w, https:\/\/www.alicjalesniak.pl\/wp-content\/uploads\/2024\/10\/IMG_9372-1024x1536.jpg 1024w, https:\/\/www.alicjalesniak.pl\/wp-content\/uploads\/2024\/10\/IMG_9372-1365x2048.jpg 1365w, https:\/\/www.alicjalesniak.pl\/wp-content\/uploads\/2024\/10\/IMG_9372-scaled.jpg 1707w\" sizes=\"(max-width: 683px) 100vw, 683px\" \/>\t\t\t\t\t\t\t\t\t\t\t\t\t\t\t<\/div>\n\t\t\t\t<\/div>\n\t\t\t\t\t<\/div>\n\t\t<\/div>\n\t\t\t\t\t<\/div>\n\t\t<\/section>\n\t\t\t\t<\/div>\n\t\t","protected":false},"excerpt":{"rendered":"<p>\u00a0 My great passion for volleyball developed into an interest in sports journalism. Knowing the sport inside out has given me the opportunity to develop my journalistic skills. I have already interviewed, among others, Robert Korzeniowski, Andrzej Wrona, Bruno Rezende and also Marcin Lepa, who is my journalistic idol. I am a volleyball player with [&hellip;]<\/p>\n","protected":false},"author":1,"featured_media":0,"parent":0,"menu_order":0,"comment_status":"closed","ping_status":"closed","template":"","meta":{"site-sidebar-layout":"no-sidebar","site-content-layout":"page-builder","ast-site-content-layout":"full-width-container","site-content-style":"default","site-sidebar-style":"default","ast-global-header-display":"","ast-banner-title-visibility":"","ast-main-header-display":"","ast-hfb-above-header-display":"","ast-hfb-below-header-display":"","ast-hfb-mobile-header-display":"","site-post-title":"disabled","ast-breadcrumbs-content":"","ast-featured-img":"disabled","footer-sml-layout":"","ast-disable-related-posts":"","theme-transparent-header-meta":"","adv-header-id-meta":"","stick-header-meta":"","header-above-stick-meta":"","header-main-stick-meta":"","header-below-stick-meta":"","astra-migrate-meta-layouts":"set","ast-page-background-enabled":"default","ast-page-background-meta":{"desktop":{"background-color":"","background-image":"","background-repeat":"repeat","background-position":"center center","background-size":"auto","background-attachment":"scroll","background-type":"","background-media":"","overlay-type":"","overlay-color":"","overlay-opacity":"","overlay-gradient":""},"tablet":{"background-color":"","background-image":"","background-repeat":"repeat","background-position":"center center","background-size":"auto","background-attachment":"scroll","background-type":"","background-media":"","overlay-type":"","overlay-color":"","overlay-opacity":"","overlay-gradient":""},"mobile":{"background-color":"","background-image":"","background-repeat":"repeat","background-position":"center center","background-size":"auto","background-attachment":"scroll","background-type":"","background-media":"","overlay-type":"","overlay-color":"","overlay-opacity":"","overlay-gradient":""}},"ast-content-background-meta":{"desktop":{"background-color":"var(--ast-global-color-5)","background-image":"","background-repeat":"repeat","background-position":"center center","background-size":"auto","background-attachment":"scroll","background-type":"","background-media":"","overlay-type":"","overlay-color":"","overlay-opacity":"","overlay-gradient":""},"tablet":{"background-color":"var(--ast-global-color-5)","background-image":"","background-repeat":"repeat","background-position":"center center","background-size":"auto","background-attachment":"scroll","background-type":"","background-media":"","overlay-type":"","overlay-color":"","overlay-opacity":"","overlay-gradient":""},"mobile":{"background-color":"var(--ast-global-color-5)","background-image":"","background-repeat":"repeat","background-position":"center center","background-size":"auto","background-attachment":"scroll","background-type":"","background-media":"","overlay-type":"","overlay-color":"","overlay-opacity":"","overlay-gradient":""}},"footnotes":""},"class_list":["post-1173","page","type-page","status-publish","hentry"],"_links":{"self":[{"href":"https:\/\/www.alicjalesniak.pl\/index.php\/wp-json\/wp\/v2\/pages\/1173","targetHints":{"allow":["GET"]}}],"collection":[{"href":"https:\/\/www.alicjalesniak.pl\/index.php\/wp-json\/wp\/v2\/pages"}],"about":[{"href":"https:\/\/www.alicjalesniak.pl\/index.php\/wp-json\/wp\/v2\/types\/page"}],"author":[{"embeddable":true,"href":"https:\/\/www.alicjalesniak.pl\/index.php\/wp-json\/wp\/v2\/users\/1"}],"replies":[{"embeddable":true,"href":"https:\/\/www.alicjalesniak.pl\/index.php\/wp-json\/wp\/v2\/comments?post=1173"}],"version-history":[{"count":17,"href":"https:\/\/www.alicjalesniak.pl\/index.php\/wp-json\/wp\/v2\/pages\/1173\/revisions"}],"predecessor-version":[{"id":1233,"href":"https:\/\/www.alicjalesniak.pl\/index.php\/wp-json\/wp\/v2\/pages\/1173\/revisions\/1233"}],"wp:attachment":[{"href":"https:\/\/www.alicjalesniak.pl\/index.php\/wp-json\/wp\/v2\/media?parent=1173"}],"curies":[{"name":"wp","href":"https:\/\/api.w.org\/{rel}","templated":true}]}}