{"id":1268,"date":"2024-10-07T17:35:10","date_gmt":"2024-10-07T17:35:10","guid":{"rendered":"https:\/\/www.alicjalesniak.pl\/?page_id=1268"},"modified":"2024-10-07T18:26:02","modified_gmt":"2024-10-07T18:26:02","slug":"pelna-dominacja-szosta-wygrana-na-koncie-polek-tabela","status":"publish","type":"page","link":"https:\/\/www.alicjalesniak.pl\/index.php\/pelna-dominacja-szosta-wygrana-na-koncie-polek-tabela\/","title":{"rendered":"Raz, dwa, trzy! Polki rozbi\u0142y Niemki w Lidze Narod\u00f3w"},"content":{"rendered":"\t\t<div data-elementor-type=\"wp-page\" data-elementor-id=\"1268\" class=\"elementor elementor-1268\">\n\t\t\t\t\t\t<section class=\"elementor-section elementor-top-section elementor-element elementor-element-b1fbb17 elementor-section-boxed elementor-section-height-default elementor-section-height-default\" data-id=\"b1fbb17\" data-element_type=\"section\" data-e-type=\"section\">\n\t\t\t\t\t\t<div class=\"elementor-container elementor-column-gap-default\">\n\t\t\t\t\t<div class=\"elementor-column elementor-col-100 elementor-top-column elementor-element elementor-element-65e5f0d\" data-id=\"65e5f0d\" data-element_type=\"column\" data-e-type=\"column\" data-settings=\"{&quot;background_background&quot;:&quot;classic&quot;}\">\n\t\t\t<div class=\"elementor-widget-wrap elementor-element-populated\">\n\t\t\t\t\t\t<div class=\"elementor-element elementor-element-06d6ab6 elementor-widget elementor-widget-heading\" data-id=\"06d6ab6\" data-element_type=\"widget\" data-e-type=\"widget\" data-widget_type=\"heading.default\">\n\t\t\t\t<div class=\"elementor-widget-container\">\n\t\t\t\t\t<h2 class=\"elementor-heading-title elementor-size-default\"><span title=\"Raz, dwa, trzy! Polki rozbi\u0142y Niemki w Lidze Narod\u00f3w\" style=\"white-space: normal;border: 0px solid;font-size: 2.5rem;font-weight: 700;margin: 0px;line-height: 50px;, Arial, Helvetica, sans-serif\">Raz, dwa, trzy! Polki rozbi\u0142y Niemki w Lidze Narod\u00f3w<\/span><\/h2>\t\t\t\t<\/div>\n\t\t\t\t<\/div>\n\t\t\t\t\t<\/div>\n\t\t<\/div>\n\t\t\t\t\t<\/div>\n\t\t<\/section>\n\t\t\t\t<section class=\"elementor-section elementor-top-section elementor-element elementor-element-5c31aee elementor-section-boxed elementor-section-height-default elementor-section-height-default\" data-id=\"5c31aee\" data-element_type=\"section\" data-e-type=\"section\">\n\t\t\t\t\t\t<div class=\"elementor-container elementor-column-gap-default\">\n\t\t\t\t\t<div class=\"elementor-column elementor-col-100 elementor-top-column elementor-element elementor-element-204f14c\" data-id=\"204f14c\" data-element_type=\"column\" data-e-type=\"column\">\n\t\t\t<div class=\"elementor-widget-wrap elementor-element-populated\">\n\t\t\t\t\t\t<div class=\"elementor-element elementor-element-80e1d0e elementor-widget elementor-widget-text-editor\" data-id=\"80e1d0e\" data-element_type=\"widget\" data-e-type=\"widget\" data-widget_type=\"text-editor.default\">\n\t\t\t\t<div class=\"elementor-widget-container\">\n\t\t\t\t\t\t\t\t\t<p>Siatkarki reprezentacji Polski zanotowa\u0142y ju\u017c si\u00f3dm\u0105 wygran\u0105 z rz\u0119du w tegorocznych rozgrywkach Ligi Narod\u00f3w. Bia\u0142o-Czerwone mimo trudnego pocz\u0105tku spotkania pokona\u0142y ekip\u0119 z Niemiec 3:0 (25:23, 25:20, 25:21) i tym samym umocni\u0142y si\u0119 na pozycji liderek tabeli VNL. W sobot\u0119 na zako\u0144czenie turnieju w Arlington dru\u017cyna Stefano Lavariniego podejmie reprezentantki Stan\u00f3w Zjednoczonych.<\/p>\t\t\t\t\t\t\t\t<\/div>\n\t\t\t\t<\/div>\n\t\t\t\t\t<\/div>\n\t\t<\/div>\n\t\t\t\t\t<\/div>\n\t\t<\/section>\n\t\t\t\t<section class=\"elementor-section elementor-top-section elementor-element elementor-element-4a01ec8 elementor-section-boxed elementor-section-height-default elementor-section-height-default\" data-id=\"4a01ec8\" data-element_type=\"section\" data-e-type=\"section\">\n\t\t\t\t\t\t<div class=\"elementor-container elementor-column-gap-default\">\n\t\t\t\t\t<div class=\"elementor-column elementor-col-100 elementor-top-column elementor-element elementor-element-7efa38b\" data-id=\"7efa38b\" data-element_type=\"column\" data-e-type=\"column\">\n\t\t\t<div class=\"elementor-widget-wrap elementor-element-populated\">\n\t\t\t\t\t\t<div class=\"elementor-element elementor-element-a034214 elementor-widget elementor-widget-image\" data-id=\"a034214\" data-element_type=\"widget\" data-e-type=\"widget\" data-widget_type=\"image.default\">\n\t\t\t\t<div class=\"elementor-widget-container\">\n\t\t\t\t\t\t\t\t\t\t\t\t<figure class=\"wp-caption\">\n\t\t\t\t\t\t\t\t\t\t<img fetchpriority=\"high\" decoding=\"async\" width=\"944\" height=\"531\" src=\"https:\/\/www.alicjalesniak.pl\/wp-content\/uploads\/2024\/10\/polki-pokonaly-niemki.avif\" class=\"attachment-large size-large wp-image-1143\" alt=\"\" srcset=\"https:\/\/www.alicjalesniak.pl\/wp-content\/uploads\/2024\/10\/polki-pokonaly-niemki.avif 944w, https:\/\/www.alicjalesniak.pl\/wp-content\/uploads\/2024\/10\/polki-pokonaly-niemki-300x169.avif 300w, https:\/\/www.alicjalesniak.pl\/wp-content\/uploads\/2024\/10\/polki-pokonaly-niemki-768x432.avif 768w\" sizes=\"(max-width: 944px) 100vw, 944px\" \/>\t\t\t\t\t\t\t\t\t\t\t<figcaption class=\"widget-image-caption wp-caption-text\">Foto: Volleyball World<\/figcaption>\n\t\t\t\t\t\t\t\t\t\t<\/figure>\n\t\t\t\t\t\t\t\t\t<\/div>\n\t\t\t\t<\/div>\n\t\t\t\t\t<\/div>\n\t\t<\/div>\n\t\t\t\t\t<\/div>\n\t\t<\/section>\n\t\t\t\t<section class=\"elementor-section elementor-top-section elementor-element elementor-element-85a70a0 elementor-section-boxed elementor-section-height-default elementor-section-height-default\" data-id=\"85a70a0\" data-element_type=\"section\" data-e-type=\"section\">\n\t\t\t\t\t\t<div class=\"elementor-container elementor-column-gap-default\">\n\t\t\t\t\t<div class=\"elementor-column elementor-col-100 elementor-top-column elementor-element elementor-element-dcd1dcc\" data-id=\"dcd1dcc\" data-element_type=\"column\" data-e-type=\"column\">\n\t\t\t<div class=\"elementor-widget-wrap elementor-element-populated\">\n\t\t\t\t\t\t<div class=\"elementor-element elementor-element-3007cbc elementor-widget elementor-widget-text-editor\" data-id=\"3007cbc\" data-element_type=\"widget\" data-e-type=\"widget\" data-widget_type=\"text-editor.default\">\n\t\t\t\t<div class=\"elementor-widget-container\">\n\t\t\t\t\t\t\t\t\t<p>Podopieczne Stefano Lavariniego do\u015b\u0107 nerwowo otworzy\u0142y pi\u0105tkowy mecz przeciwko reprezentacji Niemiec, zmagaj\u0105c si\u0119 przede wszystkim z niedok\u0142adnym przyj\u0119ciem. Polki bardzo ambitnie gra\u0142y natomiast w obronie, jednak pi\u0142ki bardzo cz\u0119sto wraca\u0142y na stron\u0119 rywalek, kt\u00f3re raz po raz wykorzystywa\u0142y mo\u017cliwo\u015b\u0107 do kontrataku. Po nieudanym pocz\u0105tku i prowadzeniu przeciwniczek 15:10 Bia\u0142o-Czerwone rzuci\u0142y si\u0119 w pogo\u0144 punktow\u0105, rozgrywaj\u0105c koncertow\u0105 ko\u0144c\u00f3wk\u0119 inauguracyjnej partii, zako\u0144czonej ostatecznie zwyci\u0119stwem 25:23.<\/p><p>Nakr\u0119cone dobr\u0105 gr\u0105 w decyduj\u0105cej cz\u0119\u015bci premierowego seta Polki odwa\u017cnie wkroczy\u0142y w drug\u0105 ods\u0142on\u0119, w kt\u00f3rej fenomenaln\u0105 obron\u0119 nog\u0105 zza boiska zanotowa\u0142a liderka zespo\u0142u Magdalena Stysiak. Poza \u015bwietn\u0105 gr\u0105 w defensywie 23-letnia atakuj\u0105ca zapisa\u0142a w tym spotkaniu na swoim koncie a\u017c 19. punkt\u00f3w, po raz kolejny prowadz\u0105c nasz zesp\u00f3\u0142 do zwyci\u0119stwa bez straty seta.<\/p><p>W sobot\u0119 o godzinie 23:30 czasu polskiego Bia\u0142o-Czerwone rozegraj\u0105 ostatnie spotkanie w Arlington w tegorocznych rozgrywkach VNL. Ich rywalkami b\u0119d\u0105 gospodynie turnieju \u2014 reprezentantki Stan\u00f3w Zjednoczonych, kt\u00f3re zanotowa\u0142y dot\u0105d trzy zwyci\u0119stwa i dwie pora\u017cki.<\/p><p class=\"Paragraph_desktopParagraph__Fd2e9\"><strong>POLSKA \u2014 NIEMCY 3:0 <\/strong>(25:23, 25:20, 25:21)<\/p><p class=\"Paragraph_desktopParagraph__Fd2e9\"><strong>POLSKA:<\/strong> Wo\u0142osz, \u0141ukasik 13, Jurczyk 9, Stysiak 19, M\u0119drzyk 12, Alagierska 5 oraz Szczyg\u0142owska (l), Smarzek, Wenerska, Fedusio 1, Piasecka. <strong>Trener:<\/strong> Stefano Lavarini.<\/p><p class=\"Paragraph_desktopParagraph__Fd2e9\"><strong>NIEMCY:<\/strong> K\u00e4stner 4, Stigrot 6, Weitzel 5, Kindermann 18, Alsmeier 11, Cekulaev 8 oraz Pogany (l), Sch\u00f6lzel 1, Stautz. <strong>Trener:<\/strong> Alexander Waibl.<\/p><p class=\"Paragraph_desktopParagraph__Fd2e9\"><strong>S\u0119dziowali:<\/strong> Cambre (Belgia) i Carbajal (Urugwaj).<\/p>\t\t\t\t\t\t\t\t<\/div>\n\t\t\t\t<\/div>\n\t\t\t\t\t<\/div>\n\t\t<\/div>\n\t\t\t\t\t<\/div>\n\t\t<\/section>\n\t\t\t\t<\/div>\n\t\t","protected":false},"excerpt":{"rendered":"<p>Raz, dwa, trzy! Polki rozbi\u0142y Niemki w Lidze Narod\u00f3w Siatkarki reprezentacji Polski zanotowa\u0142y ju\u017c si\u00f3dm\u0105 wygran\u0105 z rz\u0119du w tegorocznych rozgrywkach Ligi Narod\u00f3w. Bia\u0142o-Czerwone mimo trudnego pocz\u0105tku spotkania pokona\u0142y ekip\u0119 z Niemiec 3:0 (25:23, 25:20, 25:21) i tym samym umocni\u0142y si\u0119 na pozycji liderek tabeli VNL. W sobot\u0119 na zako\u0144czenie turnieju w Arlington dru\u017cyna Stefano [&hellip;]<\/p>\n","protected":false},"author":1,"featured_media":0,"parent":0,"menu_order":0,"comment_status":"closed","ping_status":"closed","template":"","meta":{"site-sidebar-layout":"no-sidebar","site-content-layout":"page-builder","ast-site-content-layout":"full-width-container","site-content-style":"default","site-sidebar-style":"default","ast-global-header-display":"","ast-banner-title-visibility":"","ast-main-header-display":"","ast-hfb-above-header-display":"","ast-hfb-below-header-display":"","ast-hfb-mobile-header-display":"","site-post-title":"disabled","ast-breadcrumbs-content":"","ast-featured-img":"disabled","footer-sml-layout":"","ast-disable-related-posts":"","theme-transparent-header-meta":"","adv-header-id-meta":"","stick-header-meta":"","header-above-stick-meta":"","header-main-stick-meta":"","header-below-stick-meta":"","astra-migrate-meta-layouts":"set","ast-page-background-enabled":"default","ast-page-background-meta":{"desktop":{"background-color":"","background-image":"","background-repeat":"repeat","background-position":"center center","background-size":"auto","background-attachment":"scroll","background-type":"","background-media":"","overlay-type":"","overlay-color":"","overlay-opacity":"","overlay-gradient":""},"tablet":{"background-color":"","background-image":"","background-repeat":"repeat","background-position":"center center","background-size":"auto","background-attachment":"scroll","background-type":"","background-media":"","overlay-type":"","overlay-color":"","overlay-opacity":"","overlay-gradient":""},"mobile":{"background-color":"","background-image":"","background-repeat":"repeat","background-position":"center center","background-size":"auto","background-attachment":"scroll","background-type":"","background-media":"","overlay-type":"","overlay-color":"","overlay-opacity":"","overlay-gradient":""}},"ast-content-background-meta":{"desktop":{"background-color":"var(--ast-global-color-5)","background-image":"","background-repeat":"repeat","background-position":"center center","background-size":"auto","background-attachment":"scroll","background-type":"","background-media":"","overlay-type":"","overlay-color":"","overlay-opacity":"","overlay-gradient":""},"tablet":{"background-color":"var(--ast-global-color-5)","background-image":"","background-repeat":"repeat","background-position":"center center","background-size":"auto","background-attachment":"scroll","background-type":"","background-media":"","overlay-type":"","overlay-color":"","overlay-opacity":"","overlay-gradient":""},"mobile":{"background-color":"var(--ast-global-color-5)","background-image":"","background-repeat":"repeat","background-position":"center center","background-size":"auto","background-attachment":"scroll","background-type":"","background-media":"","overlay-type":"","overlay-color":"","overlay-opacity":"","overlay-gradient":""}},"footnotes":""},"class_list":["post-1268","page","type-page","status-publish","hentry"],"_links":{"self":[{"href":"https:\/\/www.alicjalesniak.pl\/index.php\/wp-json\/wp\/v2\/pages\/1268","targetHints":{"allow":["GET"]}}],"collection":[{"href":"https:\/\/www.alicjalesniak.pl\/index.php\/wp-json\/wp\/v2\/pages"}],"about":[{"href":"https:\/\/www.alicjalesniak.pl\/index.php\/wp-json\/wp\/v2\/types\/page"}],"author":[{"embeddable":true,"href":"https:\/\/www.alicjalesniak.pl\/index.php\/wp-json\/wp\/v2\/users\/1"}],"replies":[{"embeddable":true,"href":"https:\/\/www.alicjalesniak.pl\/index.php\/wp-json\/wp\/v2\/comments?post=1268"}],"version-history":[{"count":7,"href":"https:\/\/www.alicjalesniak.pl\/index.php\/wp-json\/wp\/v2\/pages\/1268\/revisions"}],"predecessor-version":[{"id":1326,"href":"https:\/\/www.alicjalesniak.pl\/index.php\/wp-json\/wp\/v2\/pages\/1268\/revisions\/1326"}],"wp:attachment":[{"href":"https:\/\/www.alicjalesniak.pl\/index.php\/wp-json\/wp\/v2\/media?parent=1268"}],"curies":[{"name":"wp","href":"https:\/\/api.w.org\/{rel}","templated":true}]}}